{"id":54,"date":"2026-03-28T18:40:50","date_gmt":"2026-03-28T18:40:50","guid":{"rendered":"https:\/\/trustedhousesitters.ch\/?page_id=54"},"modified":"2026-03-28T18:40:50","modified_gmt":"2026-03-28T18:40:50","slug":"datenschutz","status":"publish","type":"page","link":"https:\/\/trustedhousesitters.ch\/?page_id=54","title":{"rendered":"Datenschutz"},"content":{"rendered":"\n<div class=\"wp-block-group ao-section bg-linen\"><div class=\"wp-block-group__inner-container is-layout-flow wp-block-group-is-layout-flow\">\n  <div class=\"ao-container\" style=\"max-width:800px\">\n  <h2 class=\"wp-block-heading\">Datenschutzerkl\u00e4rung<\/h2>\n  <div class=\"ao-divider\"><\/div>\n  <p>Diese Website wird betrieben von Ren\u00e9 Schellenberg, art-outdoor.ch, Ober\u00e4geri, Kanton Zug.<\/p>\n  <h3 class=\"wp-block-heading\">Erhebung von Daten<\/h3>\n  <p>Beim Besuch werden durch den Hosting-Anbieter automatisch Server-Logfiles gespeichert. Diese dienen ausschliesslich der technischen Betriebssicherheit.<\/p>\n  <h3 class=\"wp-block-heading\">Kontaktformular<\/h3>\n  <p>Daten \u00fcber das Kontaktformular werden nur zur Bearbeitung deiner Anfrage verwendet und nicht an Dritte weitergegeben.<\/p>\n  <\/div>\n<\/div><\/div>\n","protected":false},"excerpt":{"rendered":"<p>Datenschutzerkl\u00e4rung Diese Website wird betrieben von Ren\u00e9 Schellenberg, art-outdoor.ch, Ober\u00e4geri, Kanton Zug. Erhebung von Daten Beim Besuch werden durch den Hosting-Anbieter automatisch \u2026<\/p>\n","protected":false},"author":1,"featured_media":0,"parent":0,"menu_order":0,"comment_status":"closed","ping_status":"closed","template":"","meta":{"footnotes":""},"class_list":["post-54","page","type-page","status-publish","hentry"],"_links":{"self":[{"href":"https:\/\/trustedhousesitters.ch\/index.php?rest_route=\/wp\/v2\/pages\/54","targetHints":{"allow":["GET"]}}],"collection":[{"href":"https:\/\/trustedhousesitters.ch\/index.php?rest_route=\/wp\/v2\/pages"}],"about":[{"href":"https:\/\/trustedhousesitters.ch\/index.php?rest_route=\/wp\/v2\/types\/page"}],"author":[{"embeddable":true,"href":"https:\/\/trustedhousesitters.ch\/index.php?rest_route=\/wp\/v2\/users\/1"}],"replies":[{"embeddable":true,"href":"https:\/\/trustedhousesitters.ch\/index.php?rest_route=%2Fwp%2Fv2%2Fcomments&post=54"}],"version-history":[{"count":0,"href":"https:\/\/trustedhousesitters.ch\/index.php?rest_route=\/wp\/v2\/pages\/54\/revisions"}],"wp:attachment":[{"href":"https:\/\/trustedhousesitters.ch\/index.php?rest_route=%2Fwp%2Fv2%2Fmedia&parent=54"}],"curies":[{"name":"wp","href":"https:\/\/api.w.org\/{rel}","templated":true}]}}