{"id":53,"date":"2026-03-28T18:40:50","date_gmt":"2026-03-28T18:40:50","guid":{"rendered":"https:\/\/trustedhousesitters.ch\/?page_id=53"},"modified":"2026-03-28T18:40:50","modified_gmt":"2026-03-28T18:40:50","slug":"impressum","status":"publish","type":"page","link":"https:\/\/trustedhousesitters.ch\/?page_id=53","title":{"rendered":"Impressum"},"content":{"rendered":"\n<div class=\"wp-block-group ao-section bg-linen\"><div class=\"wp-block-group__inner-container is-layout-flow wp-block-group-is-layout-flow\">\n  <div class=\"ao-container\" style=\"max-width:800px\">\n  <h2 class=\"wp-block-heading\">Impressum<\/h2>\n  <div class=\"ao-divider\"><\/div>\n  <p><strong>art-outdoor.ch<\/strong><br>Ren\u00e9 Schellenberg<br>Ober\u00e4geri, Kanton Zug<br>Schweiz<\/p>\n  <p><strong>UID:<\/strong> CHE-113.871.430<\/p>\n  <p><em>Bitte erg\u00e4nze hier deine vollst\u00e4ndige Adresse, E-Mail und Telefonnummer.<\/em><\/p>\n  <\/div>\n<\/div><\/div>\n","protected":false},"excerpt":{"rendered":"<p>Impressum art-outdoor.chRen\u00e9 SchellenbergOber\u00e4geri, Kanton ZugSchweiz UID: CHE-113.871.430 Bitte erg\u00e4nze hier deine vollst\u00e4ndige Adresse, E-Mail und Telefonnummer.<\/p>\n","protected":false},"author":1,"featured_media":0,"parent":0,"menu_order":0,"comment_status":"closed","ping_status":"closed","template":"","meta":{"footnotes":""},"class_list":["post-53","page","type-page","status-publish","hentry"],"_links":{"self":[{"href":"https:\/\/trustedhousesitters.ch\/index.php?rest_route=\/wp\/v2\/pages\/53","targetHints":{"allow":["GET"]}}],"collection":[{"href":"https:\/\/trustedhousesitters.ch\/index.php?rest_route=\/wp\/v2\/pages"}],"about":[{"href":"https:\/\/trustedhousesitters.ch\/index.php?rest_route=\/wp\/v2\/types\/page"}],"author":[{"embeddable":true,"href":"https:\/\/trustedhousesitters.ch\/index.php?rest_route=\/wp\/v2\/users\/1"}],"replies":[{"embeddable":true,"href":"https:\/\/trustedhousesitters.ch\/index.php?rest_route=%2Fwp%2Fv2%2Fcomments&post=53"}],"version-history":[{"count":0,"href":"https:\/\/trustedhousesitters.ch\/index.php?rest_route=\/wp\/v2\/pages\/53\/revisions"}],"wp:attachment":[{"href":"https:\/\/trustedhousesitters.ch\/index.php?rest_route=%2Fwp%2Fv2%2Fmedia&parent=53"}],"curies":[{"name":"wp","href":"https:\/\/api.w.org\/{rel}","templated":true}]}}