{"id":52,"date":"2026-03-28T18:40:50","date_gmt":"2026-03-28T18:40:50","guid":{"rendered":"https:\/\/trustedhousesitters.ch\/?page_id=52"},"modified":"2026-03-28T18:40:50","modified_gmt":"2026-03-28T18:40:50","slug":"kontakt","status":"publish","type":"page","link":"https:\/\/trustedhousesitters.ch\/?page_id=52","title":{"rendered":"Kontakt"},"content":{"rendered":"\n<div class=\"wp-block-group ao-section bg-dark\"><div class=\"wp-block-group__inner-container is-layout-flow wp-block-group-is-layout-flow\">\n  <div class=\"ao-container\">\n  <div class=\"ao-label\" style=\"color:var(--c-ember)\">Kontakt<\/div>\n  <h2 class=\"has-sand-color wp-block-heading\">Lass uns reden<\/h2>\n  <div class=\"ao-divider\"><\/div>\n  <p style=\"color:var(--c-stone)\">Plane deine n\u00e4chste Expedition, buche ein Bike Fitting oder melde dich f\u00fcr ein Gespr\u00e4ch.<\/p>\n  <p>[contact-form-7 id=&#8220;1&#8243; title=&#8220;Kontakt&#8220;]<\/p>\n\n  <\/div>\n<\/div><\/div>\n","protected":false},"excerpt":{"rendered":"<p>Kontakt Lass uns reden Plane deine n\u00e4chste Expedition, buche ein Bike Fitting oder melde dich f\u00fcr ein Gespr\u00e4ch.<\/p>\n","protected":false},"author":1,"featured_media":0,"parent":0,"menu_order":0,"comment_status":"closed","ping_status":"closed","template":"","meta":{"footnotes":""},"class_list":["post-52","page","type-page","status-publish","hentry"],"_links":{"self":[{"href":"https:\/\/trustedhousesitters.ch\/index.php?rest_route=\/wp\/v2\/pages\/52","targetHints":{"allow":["GET"]}}],"collection":[{"href":"https:\/\/trustedhousesitters.ch\/index.php?rest_route=\/wp\/v2\/pages"}],"about":[{"href":"https:\/\/trustedhousesitters.ch\/index.php?rest_route=\/wp\/v2\/types\/page"}],"author":[{"embeddable":true,"href":"https:\/\/trustedhousesitters.ch\/index.php?rest_route=\/wp\/v2\/users\/1"}],"replies":[{"embeddable":true,"href":"https:\/\/trustedhousesitters.ch\/index.php?rest_route=%2Fwp%2Fv2%2Fcomments&post=52"}],"version-history":[{"count":0,"href":"https:\/\/trustedhousesitters.ch\/index.php?rest_route=\/wp\/v2\/pages\/52\/revisions"}],"wp:attachment":[{"href":"https:\/\/trustedhousesitters.ch\/index.php?rest_route=%2Fwp%2Fv2%2Fmedia&parent=52"}],"curies":[{"name":"wp","href":"https:\/\/api.w.org\/{rel}","templated":true}]}}