{"id":51,"date":"2026-03-28T18:40:50","date_gmt":"2026-03-28T18:40:50","guid":{"rendered":"https:\/\/trustedhousesitters.ch\/?page_id=51"},"modified":"2026-03-28T18:40:50","modified_gmt":"2026-03-28T18:40:50","slug":"ueber-uns","status":"publish","type":"page","link":"https:\/\/trustedhousesitters.ch\/?page_id=51","title":{"rendered":"\u00dcber uns"},"content":{"rendered":"\n<div class=\"wp-block-group ao-section bg-linen\"><div class=\"wp-block-group__inner-container is-layout-flow wp-block-group-is-layout-flow\">\n  <div class=\"ao-container\">\n  <div class=\"ao-label\">\u00dcber uns<\/div>\n  <h2 class=\"wp-block-heading\">Ren\u00e9 &amp; Susanne<\/h2>\n  <div class=\"ao-divider\"><\/div>\n  \n  <p>Wir leben die Leidenschaft f\u00fcr das Draussen-sein \u2014 auf zwei R\u00e4dern, im Kajak und zu Fuss.<\/p>\n  <p>Was wir empfehlen, haben wir selbst erlebt. Was wir am Velo einstellen, haben wir auf Tausenden von Kilometern erprobt.<\/p>\n  <blockquote class=\"wp-block-quote is-layout-flow wp-block-quote-is-layout-flow\"><p>&#8222;it&#8217;s not about the miles, it&#8217;s about the smiles&#8220;<\/p><cite>Ren\u00e9 &amp; Susanne<\/cite><\/blockquote>\n  <\/div>\n<\/div><\/div>\n","protected":false},"excerpt":{"rendered":"<p>\u00dcber uns Ren\u00e9 &amp; Susanne Wir leben die Leidenschaft f\u00fcr das Draussen-sein \u2014 auf zwei R\u00e4dern, im Kajak und zu Fuss. Was \u2026<\/p>\n","protected":false},"author":1,"featured_media":0,"parent":0,"menu_order":0,"comment_status":"closed","ping_status":"closed","template":"","meta":{"footnotes":""},"class_list":["post-51","page","type-page","status-publish","hentry"],"_links":{"self":[{"href":"https:\/\/trustedhousesitters.ch\/index.php?rest_route=\/wp\/v2\/pages\/51","targetHints":{"allow":["GET"]}}],"collection":[{"href":"https:\/\/trustedhousesitters.ch\/index.php?rest_route=\/wp\/v2\/pages"}],"about":[{"href":"https:\/\/trustedhousesitters.ch\/index.php?rest_route=\/wp\/v2\/types\/page"}],"author":[{"embeddable":true,"href":"https:\/\/trustedhousesitters.ch\/index.php?rest_route=\/wp\/v2\/users\/1"}],"replies":[{"embeddable":true,"href":"https:\/\/trustedhousesitters.ch\/index.php?rest_route=%2Fwp%2Fv2%2Fcomments&post=51"}],"version-history":[{"count":0,"href":"https:\/\/trustedhousesitters.ch\/index.php?rest_route=\/wp\/v2\/pages\/51\/revisions"}],"wp:attachment":[{"href":"https:\/\/trustedhousesitters.ch\/index.php?rest_route=%2Fwp%2Fv2%2Fmedia&parent=51"}],"curies":[{"name":"wp","href":"https:\/\/api.w.org\/{rel}","templated":true}]}}