{"id":47,"date":"2026-03-28T18:40:50","date_gmt":"2026-03-28T18:40:50","guid":{"rendered":"https:\/\/trustedhousesitters.ch\/?page_id=47"},"modified":"2026-03-31T19:15:09","modified_gmt":"2026-03-31T19:15:09","slug":"startseite","status":"publish","type":"page","link":"https:\/\/trustedhousesitters.ch\/","title":{"rendered":"Startseite"},"content":{"rendered":"\n<section class=\"ao-hero\" style=\"height:600px; min-height:unset;\">\n  <video class=\"ao-hero__video\" autoplay muted loop playsinline>\n    <source src=\"https:\/\/art-outdoor.ch\/_media\/pxl-20231123-135234511.ts-2.mp4\" type=\"video\/mp4\">\n  <\/video>\n  <div class=\"ao-hero__overlay\"><\/div>\n  <div class=\"ao-hero__grain\"><\/div>\n  <div class=\"ao-hero__content\">\n    <div class=\"ao-hero__label\">Expeditionen \u00b7 Fahrrad \u00b7 Abenteuer \u00b7 Seekajak<\/div>\n    <h1>Hier beginnt<br>die <em>Freiheit<\/em>&#8230;<\/h1>\n    <p class=\"ao-hero__sub\">Die Kunst, draussen zu sein.<br>Expeditionen zu Fuss, im Seekajak, auf dem Velo und auf Offroad-4&#215;4-Touren.<\/p>\n    <div class=\"ao-hero__actions\">\n      <a href=\"#leistungen\" class=\"btn btn-primary\">Touren entdecken<\/a>\n      <a href=\"#kontakt\" class=\"btn btn-outline\">Kontakt aufnehmen<\/a>\n    <\/div>\n  <\/div>\n  <div class=\"ao-hero__scroll\">Scroll<\/div>\n<\/section>\n\n\n\n<div id=\"leistungen\" class=\"wp-block-group ao-section bg-cream\"><div class=\"wp-block-group__inner-container is-layout-flow wp-block-group-is-layout-flow\">\n<div class=\"ao-container\">\n\n\n\n<div class=\"ao-label\">Leistungen<\/div>\n\n\n\n<h2 class=\"wp-block-heading\">Was wir f\u00fcr dich tun<\/h2>\n\n\n\n<div class=\"wp-block-columns ao-cols-3 is-layout-flex wp-container-core-columns-is-layout-9d6595d7 wp-block-columns-is-layout-flex\">\n<div class=\"wp-block-column ao-card is-layout-flow wp-block-column-is-layout-flow\">\n<div class=\"ao-card__body\">\n\n\n\n<h3 class=\"wp-block-heading\">Expeditionen &amp; Reisen<\/h3>\n\n\n\n<figure class=\"wp-block-image size-full is-style-default\"><img loading=\"lazy\" decoding=\"async\" width=\"1024\" height=\"1024\" src=\"https:\/\/trustedhousesitters.ch\/wp-content\/uploads\/2026\/03\/Abenteuer-in-verschiedenen-Landschaften.png\" alt=\"\" class=\"wp-image-55\" srcset=\"https:\/\/trustedhousesitters.ch\/wp-content\/uploads\/2026\/03\/Abenteuer-in-verschiedenen-Landschaften.png 1024w, https:\/\/trustedhousesitters.ch\/wp-content\/uploads\/2026\/03\/Abenteuer-in-verschiedenen-Landschaften-300x300.png 300w, https:\/\/trustedhousesitters.ch\/wp-content\/uploads\/2026\/03\/Abenteuer-in-verschiedenen-Landschaften-150x150.png 150w, https:\/\/trustedhousesitters.ch\/wp-content\/uploads\/2026\/03\/Abenteuer-in-verschiedenen-Landschaften-768x768.png 768w\" sizes=\"auto, (max-width: 1024px) 100vw, 1024px\" \/><\/figure>\n\n\n\n<p>Wir lassen deinen Traum Wirklichkeit werden \u2014 zu Fuss, im Seekajak, auf dem Velo und auf Offroad-4&#215;4-Touren.<\/p>\n\n\n\n<ul class=\"wp-block-list\">\n<li>Tourenplanung &amp; GPX<\/li>\n\n\n\n<li>Ausr\u00fcstungsberatung<\/li>\n\n\n\n<li>Begleitung &amp; Coaching<\/li>\n\n\n\n<li>4&#215;4 Offroad-Touren<\/li>\n<\/ul>\n\n\n\n<\/div>\n<\/div>\n\n\n\n<div class=\"wp-block-column ao-card is-layout-flow wp-block-column-is-layout-flow\">\n<div class=\"ao-card__body\">\n\n\n\n<h3 class=\"wp-block-heading\">Velo-Reparatur &amp; Bike Fitting<\/h3>\n\n\n\n<figure class=\"wp-block-image size-full\"><img loading=\"lazy\" decoding=\"async\" width=\"1024\" height=\"1024\" src=\"https:\/\/trustedhousesitters.ch\/wp-content\/uploads\/2026\/03\/OIG2.jpg\" alt=\"\" class=\"wp-image-60\" srcset=\"https:\/\/trustedhousesitters.ch\/wp-content\/uploads\/2026\/03\/OIG2.jpg 1024w, https:\/\/trustedhousesitters.ch\/wp-content\/uploads\/2026\/03\/OIG2-300x300.jpg 300w, https:\/\/trustedhousesitters.ch\/wp-content\/uploads\/2026\/03\/OIG2-150x150.jpg 150w, https:\/\/trustedhousesitters.ch\/wp-content\/uploads\/2026\/03\/OIG2-768x768.jpg 768w\" sizes=\"auto, (max-width: 1024px) 100vw, 1024px\" \/><\/figure>\n\n\n\n<p>Professionelles Bike Fitting mit Fokus auf Langstreckentouren \u2014 f\u00fcr alle, die weit kommen wollen.<\/p>\n\n\n\n<ul class=\"wp-block-list\">\n<li>Biomechanische Analyse<\/li>\n\n\n\n<li>Sattel &amp; Lenker Position<\/li>\n\n\n\n<li>Kurbell\u00e4nge &amp; Cleat-Setting<\/li>\n\n\n\n<li>Reise-Vorbereitung<\/li>\n<\/ul>\n\n\n\n<\/div>\n<\/div>\n\n\n\n<div class=\"wp-block-column ao-card is-layout-flow wp-block-column-is-layout-flow\">\n<div class=\"ao-card__body\">\n\n\n\n<h3 class=\"wp-block-heading\">Perfekte Ausr\u00fcstung<\/h3>\n\n\n\n<figure class=\"wp-block-image size-full\"><img loading=\"lazy\" decoding=\"async\" width=\"1024\" height=\"1024\" src=\"https:\/\/trustedhousesitters.ch\/wp-content\/uploads\/2026\/03\/Campingausruestung-im-Felsenland.png\" alt=\"\" class=\"wp-image-59\" srcset=\"https:\/\/trustedhousesitters.ch\/wp-content\/uploads\/2026\/03\/Campingausruestung-im-Felsenland.png 1024w, https:\/\/trustedhousesitters.ch\/wp-content\/uploads\/2026\/03\/Campingausruestung-im-Felsenland-300x300.png 300w, https:\/\/trustedhousesitters.ch\/wp-content\/uploads\/2026\/03\/Campingausruestung-im-Felsenland-150x150.png 150w, https:\/\/trustedhousesitters.ch\/wp-content\/uploads\/2026\/03\/Campingausruestung-im-Felsenland-768x768.png 768w\" sizes=\"auto, (max-width: 1024px) 100vw, 1024px\" \/><\/figure>\n\n\n\n<p>Individuelle Beratung und die passende Ausr\u00fcstung f\u00fcr jedes Abenteuer.<\/p>\n\n\n\n<ul class=\"wp-block-list\">\n<li>Ausr\u00fcstungs-Check<\/li>\n\n\n\n<li>Bikepacking-Setup<\/li>\n\n\n\n<li>Packlisten-Optimierung<\/li>\n\n\n\n<li>Material-Empfehlungen<\/li>\n<\/ul>\n\n\n\n<\/div>\n<\/div>\n<\/div>\n\n\n\n<\/div>\n<\/div><\/div>\n\n\n\n<div class=\"ao-section bg-mid\" style=\"text-align:center; padding-top:2rem; padding-bottom:2rem;\">\n  <div style=\"max-width:820px; margin:0 auto;\">\n    <blockquote style=\"border:none; padding:0; font-family:Georgia,serif; font-size:clamp(1.6rem,3.5vw,2.4rem); font-style:italic; font-weight:300; color:#e2cfa0; line-height:1.45;\">\n      &#8222;Mach es, bevor du bereust es nicht getan zu haben&#8220;\n    <\/blockquote>\n    <cite style=\"display:block; margin-top:0.5rem; font-family:Georgia,serif; font-size:16px; font-weight:400; font-style:italic; color:#8a7a62;\">\n  Ren\u00e9 &amp; Susanne \u2014 art-outdoor.ch\n<\/cite>\n  <\/div>\n<\/div>\n\n\n\n<div id=\"youtube\" class=\"wp-block-group ao-section bg-dark\"><div class=\"wp-block-group__inner-container is-layout-flow wp-block-group-is-layout-flow\">\n<div class=\"ao-container\"><div class=\"ao-grid-2\">\n\n\n\n<div>\n\n\n\n<div class=\"ao-label\" style=\"color:var(--c-ember)\">YouTube<\/div>\n\n\n\n<h2 class=\"wp-block-heading has-sand-color has-text-color\">Unsere Welt \u2014 Videos, Erlebnisse &amp; Tipps<\/h2>\n\n\n\n<p><p style=\"color:var(--c-stone)\">Reisevideos, pers\u00f6nliche Einblicke und praktische Tipps f\u00fcr deine n\u00e4chsten Abenteuer.<\/p><\/p>\n\n\n\n<div class=\"wp-block-buttons\" style=\"margin-top:1.5rem\">  \n  <\/div>\n\n\n\n<\/div>\n\n\n\n<div style=\"border:1px solid rgba(255,255,255,.08);padding:2.5rem;background:rgba(255,255,255,.03)\">\n    <div style=\"display:flex;align-items:center;gap:14px;margin-bottom:1rem\">\n      <svg width=\"52\" height=\"36\" viewBox=\"0 0 52 36\" fill=\"none\"><rect width=\"52\" height=\"36\" rx=\"8\" fill=\"#FF0000\"\/><path d=\"M22 10 L38 18 L22 26 Z\" fill=\"white\"\/><\/svg>\n      <span style=\"font-family:var(--f-display);font-size:1.5rem;font-weight:300;color:var(--c-cream)\">art outdoor<\/span>\n    <\/div>\n    <div style=\"font-family:var(--f-mono);font-size:10px;letter-spacing:.14em;text-transform:uppercase;color:var(--c-stone);margin-bottom:1rem\">@artoutdoor<\/div>\n    <p style=\"color:var(--c-stone);font-size:.95rem;font-weight:300;line-height:1.7\">Entdecke Reiseberichte, Bike-Abenteuer und Tipps f\u00fcr deine n\u00e4chste Expedition.<\/p>\n    <a href=\"https:\/\/www.youtube.com\/@artoutdoor\" target=\"_blank\" rel=\"noopener\" style=\"font-family:var(--f-mono);font-size:10px;letter-spacing:.14em;text-transform:uppercase;color:var(--c-sky);margin-top:1rem;display:inline-block\">youtube.com\/@artoutdoor &rarr;<\/a>\n  <\/div>\n\n\n\n<\/div><\/div>\n<\/div><\/div>\n","protected":false},"excerpt":{"rendered":"<p>Expeditionen \u00b7 Fahrrad \u00b7 Abenteuer \u00b7 Seekajak Hier beginntdie Freiheit&#8230; Die Kunst, draussen zu sein.Expeditionen zu Fuss, im Seekajak, auf dem Velo \u2026<\/p>\n","protected":false},"author":1,"featured_media":0,"parent":0,"menu_order":0,"comment_status":"closed","ping_status":"closed","template":"","meta":{"footnotes":""},"class_list":["post-47","page","type-page","status-publish","hentry"],"_links":{"self":[{"href":"https:\/\/trustedhousesitters.ch\/index.php?rest_route=\/wp\/v2\/pages\/47","targetHints":{"allow":["GET"]}}],"collection":[{"href":"https:\/\/trustedhousesitters.ch\/index.php?rest_route=\/wp\/v2\/pages"}],"about":[{"href":"https:\/\/trustedhousesitters.ch\/index.php?rest_route=\/wp\/v2\/types\/page"}],"author":[{"embeddable":true,"href":"https:\/\/trustedhousesitters.ch\/index.php?rest_route=\/wp\/v2\/users\/1"}],"replies":[{"embeddable":true,"href":"https:\/\/trustedhousesitters.ch\/index.php?rest_route=%2Fwp%2Fv2%2Fcomments&post=47"}],"version-history":[{"count":27,"href":"https:\/\/trustedhousesitters.ch\/index.php?rest_route=\/wp\/v2\/pages\/47\/revisions"}],"predecessor-version":[{"id":224,"href":"https:\/\/trustedhousesitters.ch\/index.php?rest_route=\/wp\/v2\/pages\/47\/revisions\/224"}],"wp:attachment":[{"href":"https:\/\/trustedhousesitters.ch\/index.php?rest_route=%2Fwp%2Fv2%2Fmedia&parent=47"}],"curies":[{"name":"wp","href":"https:\/\/api.w.org\/{rel}","templated":true}]}}